{"id":8,"date":"2024-03-22T17:09:39","date_gmt":"2024-03-22T16:09:39","guid":{"rendered":"https:\/\/demo1.sualiadodigital.com\/index.php\/carrito\/"},"modified":"2024-03-22T17:09:39","modified_gmt":"2024-03-22T16:09:39","slug":"carrito","status":"publish","type":"page","link":"https:\/\/demo1.sualiadodigital.com\/index.php\/carrito\/","title":{"rendered":"Carrito"},"content":{"rendered":"<div data-block-name=\"woocommerce\/cart\" class=\"wp-block-woocommerce-cart alignwide is-loading\"><div data-block-name=\"woocommerce\/filled-cart-block\" class=\"wp-block-woocommerce-filled-cart-block\"><div data-block-name=\"woocommerce\/cart-items-block\" class=\"wp-block-woocommerce-cart-items-block\"><div data-block-name=\"woocommerce\/cart-line-items-block\" class=\"wp-block-woocommerce-cart-line-items-block\"><\/div>\n\n<div data-block-name=\"woocommerce\/cart-cross-sells-block\" class=\"wp-block-woocommerce-cart-cross-sells-block\">\n<h2 class=\"wp-block-heading has-large-font-size\">Puede que te interese\u2026<\/h2>\n\n\n<div data-block-name=\"woocommerce\/cart-cross-sells-products-block\" class=\"wp-block-woocommerce-cart-cross-sells-products-block\"><\/div><\/div><\/div>\n\n<div data-block-name=\"woocommerce\/cart-totals-block\" class=\"wp-block-woocommerce-cart-totals-block\"><div data-block-name=\"woocommerce\/cart-order-summary-block\" class=\"wp-block-woocommerce-cart-order-summary-block\"><div data-block-name=\"woocommerce\/cart-order-summary-heading-block\" class=\"wp-block-woocommerce-cart-order-summary-heading-block\"><\/div>\n\n<div data-block-name=\"woocommerce\/cart-order-summary-coupon-form-block\" class=\"wp-block-woocommerce-cart-order-summary-coupon-form-block\"><\/div>\n\n<div data-block-name=\"woocommerce\/cart-order-summary-subtotal-block\" class=\"wp-block-woocommerce-cart-order-summary-subtotal-block\"><\/div>\n\n<div data-block-name=\"woocommerce\/cart-order-summary-fee-block\" class=\"wp-block-woocommerce-cart-order-summary-fee-block\"><\/div>\n\n<div data-block-name=\"woocommerce\/cart-order-summary-discount-block\" class=\"wp-block-woocommerce-cart-order-summary-discount-block\"><\/div>\n\n<div data-block-name=\"woocommerce\/cart-order-summary-shipping-block\" class=\"wp-block-woocommerce-cart-order-summary-shipping-block\"><\/div>\n\n<div data-block-name=\"woocommerce\/cart-order-summary-taxes-block\" class=\"wp-block-woocommerce-cart-order-summary-taxes-block\"><\/div><\/div>\n\n<div data-block-name=\"woocommerce\/cart-express-payment-block\" class=\"wp-block-woocommerce-cart-express-payment-block\"><\/div>\n\n<div data-block-name=\"woocommerce\/proceed-to-checkout-block\" class=\"wp-block-woocommerce-proceed-to-checkout-block\"><\/div>\n\n<div data-block-name=\"woocommerce\/cart-accepted-payment-methods-block\" class=\"wp-block-woocommerce-cart-accepted-payment-methods-block\"><\/div><\/div><\/div>\n\n<div data-block-name=\"woocommerce\/empty-cart-block\" class=\"wp-block-woocommerce-empty-cart-block\">\n<h2 class=\"wp-block-heading has-text-align-center with-empty-cart-icon wc-block-cart__empty-cart__title\">\u00a1Tu carrito est\u00e1 actualmente vac\u00edo!<\/h2>\n\n\n\n<hr class=\"wp-block-separator has-alpha-channel-opacity is-style-dots\"\/>\n\n\n\n<h2 class=\"wp-block-heading has-text-align-center\">Nuevo en la tienda<\/h2>\n\n\n<div data-block-name=\"woocommerce\/product-new\" data-columns=\"4\" data-rows=\"1\" class=\"wc-block-grid wp-block-product-new wc-block-product-new has-4-columns\"><ul class=\"wc-block-grid__products\"><li class=\"wc-block-grid__product\">\n\t\t\t\t<a href=\"https:\/\/demo1.sualiadodigital.com\/index.php\/producto\/producto-servicio-2\/\" class=\"wc-block-grid__product-link\">\n\t\t\t\t\t\n\t\t\t\t\t<div class=\"wc-block-grid__product-image\"><img loading=\"lazy\" decoding=\"async\" width=\"324\" height=\"324\" src=\"https:\/\/demo1.sualiadodigital.com\/wp-content\/uploads\/woocommerce-placeholder-324x324.png\" class=\"woocommerce-placeholder wp-post-image\" alt=\"\" srcset=\"https:\/\/demo1.sualiadodigital.com\/wp-content\/uploads\/woocommerce-placeholder-324x324.png 324w, https:\/\/demo1.sualiadodigital.com\/wp-content\/uploads\/woocommerce-placeholder-100x100.png 100w, https:\/\/demo1.sualiadodigital.com\/wp-content\/uploads\/woocommerce-placeholder-416x416.png 416w, https:\/\/demo1.sualiadodigital.com\/wp-content\/uploads\/woocommerce-placeholder-300x300.png 300w, https:\/\/demo1.sualiadodigital.com\/wp-content\/uploads\/woocommerce-placeholder-1024x1024.png 1024w, https:\/\/demo1.sualiadodigital.com\/wp-content\/uploads\/woocommerce-placeholder-150x150.png 150w, https:\/\/demo1.sualiadodigital.com\/wp-content\/uploads\/woocommerce-placeholder-768x768.png 768w, https:\/\/demo1.sualiadodigital.com\/wp-content\/uploads\/woocommerce-placeholder.png 1200w\" sizes=\"auto, (max-width: 324px) 100vw, 324px\" \/><\/div>\n\t\t\t\t\t<div class=\"wc-block-grid__product-title\">Producto &#8211; Servicio 2<\/div>\n\t\t\t\t<\/a>\n\t\t\t\t<div class=\"wc-block-grid__product-price price\"><\/div>\n\t\t\t\t\n\t\t\t\t<div class=\"wp-block-button wc-block-grid__product-add-to-cart\"><a href=\"https:\/\/demo1.sualiadodigital.com\/index.php\/producto\/producto-servicio-2\/\" aria-label=\"Read more about &ldquo;Producto - Servicio 2&rdquo;\" data-quantity=\"1\" data-product_id=\"13\" data-product_sku=\"\" data-price=\"0\" rel=\"nofollow\" class=\"wp-block-button__link  add_to_cart_button\">Read more<\/a><\/div>\n\t\t\t<\/li><li class=\"wc-block-grid__product\">\n\t\t\t\t<a href=\"https:\/\/demo1.sualiadodigital.com\/index.php\/producto\/producto-servicio-1\/\" class=\"wc-block-grid__product-link\">\n\t\t\t\t\t\n\t\t\t\t\t<div class=\"wc-block-grid__product-image\"><img loading=\"lazy\" decoding=\"async\" width=\"324\" height=\"324\" src=\"https:\/\/demo1.sualiadodigital.com\/wp-content\/uploads\/woocommerce-placeholder-324x324.png\" class=\"woocommerce-placeholder wp-post-image\" alt=\"\" srcset=\"https:\/\/demo1.sualiadodigital.com\/wp-content\/uploads\/woocommerce-placeholder-324x324.png 324w, https:\/\/demo1.sualiadodigital.com\/wp-content\/uploads\/woocommerce-placeholder-100x100.png 100w, https:\/\/demo1.sualiadodigital.com\/wp-content\/uploads\/woocommerce-placeholder-416x416.png 416w, https:\/\/demo1.sualiadodigital.com\/wp-content\/uploads\/woocommerce-placeholder-300x300.png 300w, https:\/\/demo1.sualiadodigital.com\/wp-content\/uploads\/woocommerce-placeholder-1024x1024.png 1024w, https:\/\/demo1.sualiadodigital.com\/wp-content\/uploads\/woocommerce-placeholder-150x150.png 150w, https:\/\/demo1.sualiadodigital.com\/wp-content\/uploads\/woocommerce-placeholder-768x768.png 768w, https:\/\/demo1.sualiadodigital.com\/wp-content\/uploads\/woocommerce-placeholder.png 1200w\" sizes=\"auto, (max-width: 324px) 100vw, 324px\" \/><\/div>\n\t\t\t\t\t<div class=\"wc-block-grid__product-title\">Producto &#8211; Servicio 1<\/div>\n\t\t\t\t<\/a>\n\t\t\t\t<div class=\"wc-block-grid__product-price price\"><\/div>\n\t\t\t\t\n\t\t\t\t<div class=\"wp-block-button wc-block-grid__product-add-to-cart\"><a href=\"https:\/\/demo1.sualiadodigital.com\/index.php\/producto\/producto-servicio-1\/\" aria-label=\"Read more about &ldquo;Producto - Servicio 1&rdquo;\" data-quantity=\"1\" data-product_id=\"12\" data-product_sku=\"\" data-price=\"0\" rel=\"nofollow\" class=\"wp-block-button__link  add_to_cart_button\">Read more<\/a><\/div>\n\t\t\t<\/li><\/ul><\/div><\/div><\/div>","protected":false},"excerpt":{"rendered":"","protected":false},"author":1,"featured_media":0,"parent":0,"menu_order":0,"comment_status":"closed","ping_status":"closed","template":"","meta":{"footnotes":""},"class_list":["post-8","page","type-page","status-publish","hentry"],"yoast_head":"<!-- This site is optimized with the Yoast SEO plugin v22.3 - https:\/\/yoast.com\/wordpress\/plugins\/seo\/ -->\n<title>Carrito - Secretos de Eros<\/title>\n<meta name=\"robots\" content=\"noindex, follow, max-snippet:-1, max-image-preview:large, max-video-preview:-1\" \/>\n<meta property=\"og:locale\" content=\"es_ES\" \/>\n<meta property=\"og:type\" content=\"article\" \/>\n<meta property=\"og:title\" content=\"Carrito - Secretos de Eros\" \/>\n<meta property=\"og:url\" content=\"https:\/\/demo1.sualiadodigital.com\/index.php\/carrito\/\" \/>\n<meta property=\"og:site_name\" content=\"Secretos de Eros\" \/>\n<meta name=\"twitter:card\" content=\"summary_large_image\" \/>\n<script type=\"application\/ld+json\" class=\"yoast-schema-graph\">{\"@context\":\"https:\/\/schema.org\",\"@graph\":[{\"@type\":\"WebPage\",\"@id\":\"https:\/\/demo1.sualiadodigital.com\/index.php\/carrito\/\",\"url\":\"https:\/\/demo1.sualiadodigital.com\/index.php\/carrito\/\",\"name\":\"Carrito - Secretos de Eros\",\"isPartOf\":{\"@id\":\"https:\/\/demo1.sualiadodigital.com\/#website\"},\"datePublished\":\"2024-03-22T16:09:39+00:00\",\"dateModified\":\"2024-03-22T16:09:39+00:00\",\"breadcrumb\":{\"@id\":\"https:\/\/demo1.sualiadodigital.com\/index.php\/carrito\/#breadcrumb\"},\"inLanguage\":\"es\",\"potentialAction\":[{\"@type\":\"ReadAction\",\"target\":[\"https:\/\/demo1.sualiadodigital.com\/index.php\/carrito\/\"]}]},{\"@type\":\"BreadcrumbList\",\"@id\":\"https:\/\/demo1.sualiadodigital.com\/index.php\/carrito\/#breadcrumb\",\"itemListElement\":[{\"@type\":\"ListItem\",\"position\":1,\"name\":\"Portada\",\"item\":\"https:\/\/demo1.sualiadodigital.com\/\"},{\"@type\":\"ListItem\",\"position\":2,\"name\":\"Carrito\"}]},{\"@type\":\"WebSite\",\"@id\":\"https:\/\/demo1.sualiadodigital.com\/#website\",\"url\":\"https:\/\/demo1.sualiadodigital.com\/\",\"name\":\"Secretos de Eros\",\"description\":\"Descubre un universo de seducci\u00f3n y pasi\u00f3n en Secretos de Eros, tu destino para explorar los placeres m\u00e1s profundos y sensuales. Desde juguetes er\u00f3ticos cautivadores hasta lencer\u00eda exquisita y accesorios tentadores, nuestra boutique online te invita a adentrarte en un mundo de intimidad y deleite. Con discreci\u00f3n y elegancia, te ofrecemos una experiencia de compra \u00fanica donde cada producto es una invitaci\u00f3n a explorar tu lado m\u00e1s sensual. \u00a1Bienvenido a Secretos de Eros, donde el amor y el deseo se encuentran en cada detalle!\",\"publisher\":{\"@id\":\"https:\/\/demo1.sualiadodigital.com\/#organization\"},\"potentialAction\":[{\"@type\":\"SearchAction\",\"target\":{\"@type\":\"EntryPoint\",\"urlTemplate\":\"https:\/\/demo1.sualiadodigital.com\/?s={search_term_string}\"},\"query-input\":\"required name=search_term_string\"}],\"inLanguage\":\"es\"},{\"@type\":\"Organization\",\"@id\":\"https:\/\/demo1.sualiadodigital.com\/#organization\",\"name\":\"Secretos de Eros\",\"url\":\"https:\/\/demo1.sualiadodigital.com\/\",\"logo\":{\"@type\":\"ImageObject\",\"inLanguage\":\"es\",\"@id\":\"https:\/\/demo1.sualiadodigital.com\/#\/schema\/logo\/image\/\",\"url\":\"https:\/\/demo1.sualiadodigital.com\/wp-content\/uploads\/2024\/04\/cropped-logo_p.jpg\",\"contentUrl\":\"https:\/\/demo1.sualiadodigital.com\/wp-content\/uploads\/2024\/04\/cropped-logo_p.jpg\",\"width\":423,\"height\":293,\"caption\":\"Secretos de Eros\"},\"image\":{\"@id\":\"https:\/\/demo1.sualiadodigital.com\/#\/schema\/logo\/image\/\"}}]}<\/script>\n<!-- \/ Yoast SEO plugin. -->","yoast_head_json":{"title":"Carrito - Secretos de Eros","robots":{"index":"noindex","follow":"follow","max-snippet":"max-snippet:-1","max-image-preview":"max-image-preview:large","max-video-preview":"max-video-preview:-1"},"og_locale":"es_ES","og_type":"article","og_title":"Carrito - Secretos de Eros","og_url":"https:\/\/demo1.sualiadodigital.com\/index.php\/carrito\/","og_site_name":"Secretos de Eros","twitter_card":"summary_large_image","schema":{"@context":"https:\/\/schema.org","@graph":[{"@type":"WebPage","@id":"https:\/\/demo1.sualiadodigital.com\/index.php\/carrito\/","url":"https:\/\/demo1.sualiadodigital.com\/index.php\/carrito\/","name":"Carrito - Secretos de Eros","isPartOf":{"@id":"https:\/\/demo1.sualiadodigital.com\/#website"},"datePublished":"2024-03-22T16:09:39+00:00","dateModified":"2024-03-22T16:09:39+00:00","breadcrumb":{"@id":"https:\/\/demo1.sualiadodigital.com\/index.php\/carrito\/#breadcrumb"},"inLanguage":"es","potentialAction":[{"@type":"ReadAction","target":["https:\/\/demo1.sualiadodigital.com\/index.php\/carrito\/"]}]},{"@type":"BreadcrumbList","@id":"https:\/\/demo1.sualiadodigital.com\/index.php\/carrito\/#breadcrumb","itemListElement":[{"@type":"ListItem","position":1,"name":"Portada","item":"https:\/\/demo1.sualiadodigital.com\/"},{"@type":"ListItem","position":2,"name":"Carrito"}]},{"@type":"WebSite","@id":"https:\/\/demo1.sualiadodigital.com\/#website","url":"https:\/\/demo1.sualiadodigital.com\/","name":"Secretos de Eros","description":"Descubre un universo de seducci\u00f3n y pasi\u00f3n en Secretos de Eros, tu destino para explorar los placeres m\u00e1s profundos y sensuales. Desde juguetes er\u00f3ticos cautivadores hasta lencer\u00eda exquisita y accesorios tentadores, nuestra boutique online te invita a adentrarte en un mundo de intimidad y deleite. Con discreci\u00f3n y elegancia, te ofrecemos una experiencia de compra \u00fanica donde cada producto es una invitaci\u00f3n a explorar tu lado m\u00e1s sensual. \u00a1Bienvenido a Secretos de Eros, donde el amor y el deseo se encuentran en cada detalle!","publisher":{"@id":"https:\/\/demo1.sualiadodigital.com\/#organization"},"potentialAction":[{"@type":"SearchAction","target":{"@type":"EntryPoint","urlTemplate":"https:\/\/demo1.sualiadodigital.com\/?s={search_term_string}"},"query-input":"required name=search_term_string"}],"inLanguage":"es"},{"@type":"Organization","@id":"https:\/\/demo1.sualiadodigital.com\/#organization","name":"Secretos de Eros","url":"https:\/\/demo1.sualiadodigital.com\/","logo":{"@type":"ImageObject","inLanguage":"es","@id":"https:\/\/demo1.sualiadodigital.com\/#\/schema\/logo\/image\/","url":"https:\/\/demo1.sualiadodigital.com\/wp-content\/uploads\/2024\/04\/cropped-logo_p.jpg","contentUrl":"https:\/\/demo1.sualiadodigital.com\/wp-content\/uploads\/2024\/04\/cropped-logo_p.jpg","width":423,"height":293,"caption":"Secretos de Eros"},"image":{"@id":"https:\/\/demo1.sualiadodigital.com\/#\/schema\/logo\/image\/"}}]}},"_links":{"self":[{"href":"https:\/\/demo1.sualiadodigital.com\/index.php\/wp-json\/wp\/v2\/pages\/8","targetHints":{"allow":["GET"]}}],"collection":[{"href":"https:\/\/demo1.sualiadodigital.com\/index.php\/wp-json\/wp\/v2\/pages"}],"about":[{"href":"https:\/\/demo1.sualiadodigital.com\/index.php\/wp-json\/wp\/v2\/types\/page"}],"author":[{"embeddable":true,"href":"https:\/\/demo1.sualiadodigital.com\/index.php\/wp-json\/wp\/v2\/users\/1"}],"replies":[{"embeddable":true,"href":"https:\/\/demo1.sualiadodigital.com\/index.php\/wp-json\/wp\/v2\/comments?post=8"}],"version-history":[{"count":0,"href":"https:\/\/demo1.sualiadodigital.com\/index.php\/wp-json\/wp\/v2\/pages\/8\/revisions"}],"wp:attachment":[{"href":"https:\/\/demo1.sualiadodigital.com\/index.php\/wp-json\/wp\/v2\/media?parent=8"}],"curies":[{"name":"wp","href":"https:\/\/api.w.org\/{rel}","templated":true}]}}