{"id":24,"date":"2024-04-16T17:35:48","date_gmt":"2024-04-16T15:35:48","guid":{"rendered":"https:\/\/demo1.sualiadodigital.com\/?page_id=24"},"modified":"2024-04-16T17:35:49","modified_gmt":"2024-04-16T15:35:49","slug":"inicio","status":"publish","type":"page","link":"https:\/\/demo1.sualiadodigital.com\/index.php\/inicio\/","title":{"rendered":"Inicio"},"content":{"rendered":"","protected":false},"excerpt":{"rendered":"","protected":false},"author":1,"featured_media":0,"parent":0,"menu_order":0,"comment_status":"closed","ping_status":"closed","template":"","meta":{"footnotes":""},"class_list":["post-24","page","type-page","status-publish","hentry"],"yoast_head":"<!-- This site is optimized with the Yoast SEO plugin v22.3 - https:\/\/yoast.com\/wordpress\/plugins\/seo\/ -->\n<title>Inicio - Secretos de Eros<\/title>\n<meta name=\"robots\" content=\"noindex, follow, max-snippet:-1, max-image-preview:large, max-video-preview:-1\" \/>\n<meta property=\"og:locale\" content=\"es_ES\" \/>\n<meta property=\"og:type\" content=\"article\" \/>\n<meta property=\"og:title\" content=\"Inicio - Secretos de Eros\" \/>\n<meta property=\"og:url\" content=\"https:\/\/demo1.sualiadodigital.com\/index.php\/inicio\/\" \/>\n<meta property=\"og:site_name\" content=\"Secretos de Eros\" \/>\n<meta property=\"article:modified_time\" content=\"2024-04-16T15:35:49+00:00\" \/>\n<meta name=\"twitter:card\" content=\"summary_large_image\" \/>\n<script type=\"application\/ld+json\" class=\"yoast-schema-graph\">{\"@context\":\"https:\/\/schema.org\",\"@graph\":[{\"@type\":\"WebPage\",\"@id\":\"https:\/\/demo1.sualiadodigital.com\/index.php\/inicio\/\",\"url\":\"https:\/\/demo1.sualiadodigital.com\/index.php\/inicio\/\",\"name\":\"Inicio - Secretos de Eros\",\"isPartOf\":{\"@id\":\"https:\/\/demo1.sualiadodigital.com\/#website\"},\"datePublished\":\"2024-04-16T15:35:48+00:00\",\"dateModified\":\"2024-04-16T15:35:49+00:00\",\"breadcrumb\":{\"@id\":\"https:\/\/demo1.sualiadodigital.com\/index.php\/inicio\/#breadcrumb\"},\"inLanguage\":\"es\",\"potentialAction\":[{\"@type\":\"ReadAction\",\"target\":[\"https:\/\/demo1.sualiadodigital.com\/index.php\/inicio\/\"]}]},{\"@type\":\"BreadcrumbList\",\"@id\":\"https:\/\/demo1.sualiadodigital.com\/index.php\/inicio\/#breadcrumb\",\"itemListElement\":[{\"@type\":\"ListItem\",\"position\":1,\"name\":\"Portada\",\"item\":\"https:\/\/demo1.sualiadodigital.com\/\"},{\"@type\":\"ListItem\",\"position\":2,\"name\":\"Inicio\"}]},{\"@type\":\"WebSite\",\"@id\":\"https:\/\/demo1.sualiadodigital.com\/#website\",\"url\":\"https:\/\/demo1.sualiadodigital.com\/\",\"name\":\"Secretos de Eros\",\"description\":\"Descubre un universo de seducci\u00f3n y pasi\u00f3n en Secretos de Eros, tu destino para explorar los placeres m\u00e1s profundos y sensuales. Desde juguetes er\u00f3ticos cautivadores hasta lencer\u00eda exquisita y accesorios tentadores, nuestra boutique online te invita a adentrarte en un mundo de intimidad y deleite. Con discreci\u00f3n y elegancia, te ofrecemos una experiencia de compra \u00fanica donde cada producto es una invitaci\u00f3n a explorar tu lado m\u00e1s sensual. \u00a1Bienvenido a Secretos de Eros, donde el amor y el deseo se encuentran en cada detalle!\",\"publisher\":{\"@id\":\"https:\/\/demo1.sualiadodigital.com\/#organization\"},\"potentialAction\":[{\"@type\":\"SearchAction\",\"target\":{\"@type\":\"EntryPoint\",\"urlTemplate\":\"https:\/\/demo1.sualiadodigital.com\/?s={search_term_string}\"},\"query-input\":\"required name=search_term_string\"}],\"inLanguage\":\"es\"},{\"@type\":\"Organization\",\"@id\":\"https:\/\/demo1.sualiadodigital.com\/#organization\",\"name\":\"Secretos de Eros\",\"url\":\"https:\/\/demo1.sualiadodigital.com\/\",\"logo\":{\"@type\":\"ImageObject\",\"inLanguage\":\"es\",\"@id\":\"https:\/\/demo1.sualiadodigital.com\/#\/schema\/logo\/image\/\",\"url\":\"https:\/\/demo1.sualiadodigital.com\/wp-content\/uploads\/2024\/04\/cropped-logo_p.jpg\",\"contentUrl\":\"https:\/\/demo1.sualiadodigital.com\/wp-content\/uploads\/2024\/04\/cropped-logo_p.jpg\",\"width\":423,\"height\":293,\"caption\":\"Secretos de Eros\"},\"image\":{\"@id\":\"https:\/\/demo1.sualiadodigital.com\/#\/schema\/logo\/image\/\"}}]}<\/script>\n<!-- \/ Yoast SEO plugin. -->","yoast_head_json":{"title":"Inicio - Secretos de Eros","robots":{"index":"noindex","follow":"follow","max-snippet":"max-snippet:-1","max-image-preview":"max-image-preview:large","max-video-preview":"max-video-preview:-1"},"og_locale":"es_ES","og_type":"article","og_title":"Inicio - Secretos de Eros","og_url":"https:\/\/demo1.sualiadodigital.com\/index.php\/inicio\/","og_site_name":"Secretos de Eros","article_modified_time":"2024-04-16T15:35:49+00:00","twitter_card":"summary_large_image","schema":{"@context":"https:\/\/schema.org","@graph":[{"@type":"WebPage","@id":"https:\/\/demo1.sualiadodigital.com\/index.php\/inicio\/","url":"https:\/\/demo1.sualiadodigital.com\/index.php\/inicio\/","name":"Inicio - Secretos de Eros","isPartOf":{"@id":"https:\/\/demo1.sualiadodigital.com\/#website"},"datePublished":"2024-04-16T15:35:48+00:00","dateModified":"2024-04-16T15:35:49+00:00","breadcrumb":{"@id":"https:\/\/demo1.sualiadodigital.com\/index.php\/inicio\/#breadcrumb"},"inLanguage":"es","potentialAction":[{"@type":"ReadAction","target":["https:\/\/demo1.sualiadodigital.com\/index.php\/inicio\/"]}]},{"@type":"BreadcrumbList","@id":"https:\/\/demo1.sualiadodigital.com\/index.php\/inicio\/#breadcrumb","itemListElement":[{"@type":"ListItem","position":1,"name":"Portada","item":"https:\/\/demo1.sualiadodigital.com\/"},{"@type":"ListItem","position":2,"name":"Inicio"}]},{"@type":"WebSite","@id":"https:\/\/demo1.sualiadodigital.com\/#website","url":"https:\/\/demo1.sualiadodigital.com\/","name":"Secretos de Eros","description":"Descubre un universo de seducci\u00f3n y pasi\u00f3n en Secretos de Eros, tu destino para explorar los placeres m\u00e1s profundos y sensuales. Desde juguetes er\u00f3ticos cautivadores hasta lencer\u00eda exquisita y accesorios tentadores, nuestra boutique online te invita a adentrarte en un mundo de intimidad y deleite. Con discreci\u00f3n y elegancia, te ofrecemos una experiencia de compra \u00fanica donde cada producto es una invitaci\u00f3n a explorar tu lado m\u00e1s sensual. \u00a1Bienvenido a Secretos de Eros, donde el amor y el deseo se encuentran en cada detalle!","publisher":{"@id":"https:\/\/demo1.sualiadodigital.com\/#organization"},"potentialAction":[{"@type":"SearchAction","target":{"@type":"EntryPoint","urlTemplate":"https:\/\/demo1.sualiadodigital.com\/?s={search_term_string}"},"query-input":"required name=search_term_string"}],"inLanguage":"es"},{"@type":"Organization","@id":"https:\/\/demo1.sualiadodigital.com\/#organization","name":"Secretos de Eros","url":"https:\/\/demo1.sualiadodigital.com\/","logo":{"@type":"ImageObject","inLanguage":"es","@id":"https:\/\/demo1.sualiadodigital.com\/#\/schema\/logo\/image\/","url":"https:\/\/demo1.sualiadodigital.com\/wp-content\/uploads\/2024\/04\/cropped-logo_p.jpg","contentUrl":"https:\/\/demo1.sualiadodigital.com\/wp-content\/uploads\/2024\/04\/cropped-logo_p.jpg","width":423,"height":293,"caption":"Secretos de Eros"},"image":{"@id":"https:\/\/demo1.sualiadodigital.com\/#\/schema\/logo\/image\/"}}]}},"_links":{"self":[{"href":"https:\/\/demo1.sualiadodigital.com\/index.php\/wp-json\/wp\/v2\/pages\/24","targetHints":{"allow":["GET"]}}],"collection":[{"href":"https:\/\/demo1.sualiadodigital.com\/index.php\/wp-json\/wp\/v2\/pages"}],"about":[{"href":"https:\/\/demo1.sualiadodigital.com\/index.php\/wp-json\/wp\/v2\/types\/page"}],"author":[{"embeddable":true,"href":"https:\/\/demo1.sualiadodigital.com\/index.php\/wp-json\/wp\/v2\/users\/1"}],"replies":[{"embeddable":true,"href":"https:\/\/demo1.sualiadodigital.com\/index.php\/wp-json\/wp\/v2\/comments?post=24"}],"version-history":[{"count":2,"href":"https:\/\/demo1.sualiadodigital.com\/index.php\/wp-json\/wp\/v2\/pages\/24\/revisions"}],"predecessor-version":[{"id":26,"href":"https:\/\/demo1.sualiadodigital.com\/index.php\/wp-json\/wp\/v2\/pages\/24\/revisions\/26"}],"wp:attachment":[{"href":"https:\/\/demo1.sualiadodigital.com\/index.php\/wp-json\/wp\/v2\/media?parent=24"}],"curies":[{"name":"wp","href":"https:\/\/api.w.org\/{rel}","templated":true}]}}